{"id":18,"date":"2018-05-05T15:26:53","date_gmt":"2018-05-05T15:26:53","guid":{"rendered":"http:\/\/ews.digitalkey.hu\/?page_id=18"},"modified":"2023-05-28T09:08:28","modified_gmt":"2023-05-28T09:08:28","slug":"elerhetoseg","status":"publish","type":"page","link":"https:\/\/ewskft.hu\/index.php\/elerhetoseg\/","title":{"rendered":"El\u00e9rhet\u0151s\u00e9g"},"content":{"rendered":"<div id=\"pl-18\"  class=\"panel-layout\" ><div id=\"pg-18-0\"  class=\"panel-grid panel-has-style\" ><div class=\"siteorigin-panels-stretch panel-row-style panel-row-style-for-18-0\" style=\"padding: 0px 0; \" data-stretch-type=\"full-stretched\" data-overlay=\"true\" data-overlay-color=\"#000000\" ><div id=\"pgc-18-0-0\"  class=\"panel-grid-cell\" ><div id=\"panel-18-0-0-0\" class=\"so-panel widget widget_sow-editor panel-first-child panel-last-child\" data-index=\"0\" ><div style=\"text-align: center;\" data-title-color=\"#443f3f\" data-headings-color=\"#443f3f\" class=\"panel-widget-style panel-widget-style-for-18-0-0-0\" ><div\n\t\t\t\n\t\t\tclass=\"so-widget-sow-editor so-widget-sow-editor-base\"\n\t\t\t\n\t\t>\n<div class=\"siteorigin-widget-tinymce textwidget\">\n\t<div id=\"col1wrap\">\n<div id=\"col1pad\">\n<div id=\"col1\">\n<div class=\"component\">\n<div class=\"item-page\">\n<p style=\"text-align: center;\">EXTENDED WARRANTY SERVICE Kft.<br \/>\nSzerviz: 1222 Budapest, Gy\u00e1r u. 17.<\/p>\n<p style=\"text-align: center;\">Tel.: 06-1-207-1621, 06-1-207-1624<\/p>\n<p>E-mail: <a href=\"mailto:info@ewskft.hu\">info@ewskft.hu<\/a><br \/>\nInternet: <a href=\"http:\/\/www.ewskft.hu\/\">www.ewskft.hu<\/a><\/p>\n<p>Nyitva tart\u00e1s: H\u00e9tf\u0151 - Cs\u00fct\u00f6rt\u00f6k: 8:30-17:00, P\u00e9ntek: 8:30-12:00<\/p>\n<p><span style=\"font-family: verdana,geneva,sans-serif;\">\u00a0<\/span><\/p>\n<\/div>\n<\/div>\n<\/div>\n<\/div>\n<\/div>\n<\/div>\n<\/div><\/div><\/div><\/div><\/div><\/div><\/div>","protected":false},"excerpt":{"rendered":"<p>EXTENDED WARRANTY SERVICE Kft. Szerviz: 1222 Budapest, Gy\u00e1r u. 17. Tel.: 06-1-207-1621, 06-1-207-1624 E-mail: info@ewskft.hu Internet: www.ewskft.hu Nyitva tart\u00e1s: H\u00e9tf\u0151 &#8211; Cs\u00fct\u00f6rt\u00f6k: [&hellip;]<\/p>\n","protected":false},"author":1,"featured_media":0,"parent":0,"menu_order":0,"comment_status":"closed","ping_status":"closed","template":"","meta":{"footnotes":""},"class_list":["post-18","page","type-page","status-publish","hentry"],"_links":{"self":[{"href":"https:\/\/ewskft.hu\/index.php\/wp-json\/wp\/v2\/pages\/18","targetHints":{"allow":["GET"]}}],"collection":[{"href":"https:\/\/ewskft.hu\/index.php\/wp-json\/wp\/v2\/pages"}],"about":[{"href":"https:\/\/ewskft.hu\/index.php\/wp-json\/wp\/v2\/types\/page"}],"author":[{"embeddable":true,"href":"https:\/\/ewskft.hu\/index.php\/wp-json\/wp\/v2\/users\/1"}],"replies":[{"embeddable":true,"href":"https:\/\/ewskft.hu\/index.php\/wp-json\/wp\/v2\/comments?post=18"}],"version-history":[{"count":192,"href":"https:\/\/ewskft.hu\/index.php\/wp-json\/wp\/v2\/pages\/18\/revisions"}],"predecessor-version":[{"id":534,"href":"https:\/\/ewskft.hu\/index.php\/wp-json\/wp\/v2\/pages\/18\/revisions\/534"}],"wp:attachment":[{"href":"https:\/\/ewskft.hu\/index.php\/wp-json\/wp\/v2\/media?parent=18"}],"curies":[{"name":"wp","href":"https:\/\/api.w.org\/{rel}","templated":true}]}}