{"id":32892,"date":"2026-04-03T09:49:16","date_gmt":"2026-04-03T09:49:16","guid":{"rendered":"https:\/\/ewskft.hu\/?page_id=32892"},"modified":"2026-04-03T09:55:09","modified_gmt":"2026-04-03T09:55:09","slug":"servicecare","status":"publish","type":"page","link":"https:\/\/ewskft.hu\/index.php\/servicecare\/","title":{"rendered":"ServiceCare"},"content":{"rendered":"\t\t<div data-elementor-type=\"wp-page\" data-elementor-id=\"32892\" class=\"elementor elementor-32892\" data-elementor-post-type=\"page\">\n\t\t\t\t\t\t<section class=\"elementor-section elementor-top-section elementor-element elementor-element-b37c6e0 elementor-section-boxed elementor-section-height-default elementor-section-height-default\" data-id=\"b37c6e0\" data-element_type=\"section\" data-e-type=\"section\">\n\t\t\t\t\t\t<div class=\"elementor-container elementor-column-gap-default\">\n\t\t\t\t\t<div class=\"elementor-column elementor-col-100 elementor-top-column elementor-element elementor-element-4fd4f54\" data-id=\"4fd4f54\" data-element_type=\"column\" data-e-type=\"column\">\n\t\t\t<div class=\"elementor-widget-wrap elementor-element-populated\">\n\t\t\t\t\t\t<div class=\"elementor-element elementor-element-72685ae elementor-widget elementor-widget-text-editor\" data-id=\"72685ae\" data-element_type=\"widget\" data-e-type=\"widget\" data-widget_type=\"text-editor.default\">\n\t\t\t\t<div class=\"elementor-widget-container\">\n\t\t\t\t\t\t\t\t\t<h4 style=\"text-align: center;\"><strong>ServiceCare \/ ServiceCare klub<br \/>L\u00e9trej\u00f6tte, le\u00edr\u00e1sa m\u0171k\u00f6d\u00e9si szab\u00e1lyzata<\/strong><\/h4><p>\u00a0<\/p><p>A ServiceCare szolg\u00e1ltat\u00e1st t\u00f6bb \u00e9vtizedes szerviz tapasztalatunk alapj\u00e1n hoztuk l\u00e9tre az \u00fcgyfeleink, partnereink, megb\u00edz\u00f3ink jobb kiszolg\u00e1l\u00e1sa \u00e9rdek\u00e9ben. K\u00fcl\u00f6nb\u00f6z\u0151 sz\u00edn\u0171 \u00e9s fokozat\u00fa k\u00e1rty\u00e1kkal m\u00e1s-m\u00e1s szint\u0171 kedvezm\u00e9nyek, \u00e9s azon fel\u00fcl extra szolg\u00e1ltat\u00e1sok \u00e9rhet\u0151ek el \u00e9s b\u00edzunk benne, hogy ezzel \u00faj \u00e9rt\u00e9ket teremt\u00fcnk a jav\u00edt\u00f3-szolg\u00e1ltat\u00e1sok teljes ter\u00fclet\u00e9n \u00e9s val\u00f3ban l\u00e9trej\u00f6n egy olyan orsz\u00e1gos klub mely tagjai nem csak a szakmai fejl\u0151d\u00e9sben inspir\u00e1lj\u00e1k egym\u00e1st hanem a jav\u00edt\u00f3szolg\u00e1ltat\u00e1s \u2013 mint tev\u00e9kenys\u00e9g, foglalkoz\u00e1s, szakma-\u00a0 fejl\u0151d\u00e9s\u00e9t is seg\u00edtik eljutva arra a szintre, hogy a jogalkot\u00e1sba- \u00e9s\u00a0 v\u00e9lem\u00e9nyez\u00e9si valamint \u00e9rdekv\u00e9delmi szinten is komoly belesz\u00f3l\u00e1sunk legyen.<\/p><p>Ehhez sz\u00fcks\u00e9g van a Tisztelt \u00dcgyfeleink, V\u00e1s\u00e1rl\u00f3ink bizalm\u00e1ra, szervizek bevon\u00e1s\u00e1ra \u00e9s white label term\u00e9kk\u00e9nt gy\u00e1rt\u00f3k, import\u0151r\u00f6k, forgalmaz\u00f3k egy\u00fcttm\u0171k\u00f6d\u00e9s\u00e9re azaz arra, hogy a piac a szolg\u00e1ltat\u00e1st elfogadja.<\/p><p>A magyar piacon t\u00f6rt\u00e9n\u0151 bevezet\u00e9s ut\u00e1n illetve azzal p\u00e1rhuzamosan k\u00fclf\u00f6ld\u00f6n is szeretn\u00e9nk ezt a szolg\u00e1ltat\u00e1st elterjeszteni.<\/p><p>K\u00e1rty\u00e1k \u00e9s szolg\u00e1ltat\u00e1sok, kedvezm\u00e9nyek egy\u00e9ni \u00fcgyfelek, szerviz szolg\u00e1ltat\u00e1st megrendel\u0151 mag\u00e1nszem\u00e9lyek, fogyaszt\u00f3k, v\u00e1s\u00e1rl\u00f3k r\u00e9sz\u00e9re:<\/p><ol><li>ServiceCare pontgy\u0171jt\u0151 k\u00e1rtya<\/li><li>ServiceCare basic vagy bronz k\u00e1rtya<\/li><li>ServcieCare ez\u00fcst vagy silver k\u00e1rtya<\/li><li>ServiceCare arany vagy gold k\u00e1rtya<\/li><li>ServiceCare Gy\u00e9m\u00e1nt k\u00e1rtya<\/li><li>ServiceCare VVIP Exclusive k\u00e1rtya<\/li><li>ServiceCare VVIP<\/li><\/ol><p>A k\u00fcl\u00f6nb\u00f6z\u0151 szint\u0171 k\u00e1rty\u00e1khoz tartoz\u00f3 kedvezm\u00e9nyeket, szolg\u00e1ltat\u00e1sokat az al\u00e1bbi t\u00e1bl\u00e1zat tartalmazza:<\/p><p>\u00a0<\/p><p><strong>\u00c1ltal\u00e1nos szab\u00e1lyok, szerz\u0151d\u00e9si \u00e9s haszn\u00e1lati felt\u00e9telek:<br \/><\/strong><\/p><ol><li>A k\u00e1rtya e-mail c\u00edmhez k\u00f6t\u00f6tt<\/li><li>A k\u00e1rtya nem ruh\u00e1zhat\u00f3 \u00e1t<\/li><li>Egy \u00e9ven bel\u00fcl haszn\u00e1lhat\u00f3<\/li><li>Nem \u00f6r\u00f6k\u00f6lhet\u0151<\/li><li>Aj\u00e1nd\u00e9kba v\u00e1s\u00e1rolhat\u00f3<\/li><li>\u00daj \u00e9vban magasabb szint\u0171 k\u00e1rty v\u00e1s\u00e1rl\u00e1sa eset\u00e9n az \u00faj k\u00e1rtya \u00e9rt\u00e9k\u00e9b\u0151l 10 % kedvezm\u00e9nyt adunk, a k\u00f6vetkez\u0151 \u00e9vben 15 % kedvezm\u00e9nyt, ut\u00e1na 20 % kedvezm\u00e9nyt, majd 25 %-ot \u00e9s ut\u00e1na folyamatosan a legmagasabb 30 %-ot<\/li><li>A felt\u00e9telek, kedvezm\u00e9nyek csak a felhaszn\u00e1l\u00f3k, tagok tov\u00e1bbi el\u0151ny\u00e9re m\u00f3dos\u00edthat\u00f3ak<\/li><li>\u00dcgyf\u00e9lfi\u00f3k l\u00e9trej\u00f6n a regisztr\u00e1ci\u00f3kor<\/li><li>\u00c9rv\u00e9nyess\u00e9g: a ki\u00e1ll\u00edtott sz\u00e1mla kiegyenl\u00edt\u00e9si napj\u00e1nak 00:00 \u00f3r\u00e1j\u00e1t\u00f3l egy \u00e9vvel k\u00e9s\u0151bbi ugyan azon d\u00e1tum 24:00 \u00f3r\u00e1j\u00e1ig<\/li><li>\u00c9rv\u00e9nyess\u00e9g lej\u00e1rta ut\u00e1n nyolc napig felf\u00fcggeszt\u00e9sre ker\u00fcl ut\u00e1na megsz\u00fcntet\u00e9sre<\/li><li>\u00daj k\u00e1rtya \u00e9v k\u00f6zben v\u00e1s\u00e1rolhat\u00f3, de csak az eredetin\u00e9l magasabb szint\u0171. Ebben az esetben az eredti k\u00e1rtya d\u00edja nem ker\u00fcl visszat\u00e9r\u00edt\u00e9sre.<\/li><li>K\u00f6vetkez\u0151 \u00e9vben b\u00e1rmilyen k\u00e1rtya v\u00e1s\u00e1rolhat\u00f3<\/li><li>\u00daj \u00e9vben azonos k\u00e1rtya v\u00e1s\u00e1rl\u00e1sa eset\u00e9n 5 % kedvezm\u00e9ny j\u00e1r<\/li><li>Az alap \u00e9s a pontgy\u0171jt\u0151 k\u00e1rty\u00e1n\u00e1l nem j\u00e1r hosszabb\u00edt\u00e1si kedvezm\u00e9ny<\/li><li>Azonos e-mail c\u00edmhez csak 1 regisztr\u00e1lt k\u00e1rtya tartozhat<\/li><li>Pontgy\u0171jt\u0151 k\u00e1rtya eset\u00e9n: nett\u00f3 1000 Ft-onk\u00e9nt j\u00e1r egy pont 30 pont ut\u00e1n egy basic k\u00e1rtya j\u00e1r az \u00fcgyf\u00e9lnek.<\/li><li>Pontgy\u0171jt\u0151 k\u00e1rtya is lej\u00e1r egy \u00e9v ut\u00e1n, 30 pont alatt egyszeri 3 % kedvezm\u00e9ny vagy egy munkad\u00edjb\u00f3l vagy egy alkatr\u00e9sz \u00e1rb\u00f3l ig\u00e9nybe vehet\u0151 30 pontn\u00e1l basic k\u00e1rtya 30 pont felett a munkad\u00edjb\u00f3l egyszeri 10 % kedvezm\u00e9ny ig\u00e9nybe vehet\u0151<\/li><li>K\u00e1rty\u00e1k lej\u00e1rata el\u0151tt 8, 4, 2 nappal figyelmeztet\u0151 rendszer e-mail k\u00fcld\u00fcnk.<\/li><li>A k\u00e1rty\u00e1k azon term\u00e9kekhez kapcsolt kedvezm\u00e9nyekre vonatkoznak melyet a adott szerviz bevizsg\u00e1l vagy jav\u00edt.<\/li><li>A szerviz a sikertelen jav\u00edt\u00e1s\u00e9rt, bevizsg\u00e1l\u00e1s\u00e9rt, szolg\u00e1ltat\u00e1s\u00e9rt, alkatr\u00e9sz beszerz\u00e9s\u00e9rt felel\u0151ss\u00e9get nem v\u00e1llal, de a sikertelens\u00e9g nem \u00e9rdeke<\/li><li>A jav\u00edtott term\u00e9kek k\u00f6r\u00e9r\u0151l az \u00fcgyf\u00e9l t\u00e1j\u00e9koztat\u00e1st kapott a szerz\u0151d\u00e9s k\u00f6t\u00e9s el\u0151tt.<\/li><li>A k\u00e1rty\u00e1k sorsz\u00e1mozottak<\/li><\/ol><p><strong>Szerviz partneri lehet\u0151s\u00e9g:<br \/><\/strong>A ServiceCare programm kiterjeszt\u00e9s\u00e9re keres\u00fcnk szervizeket, jav\u00edt\u00f3-szolg\u00e1ltat\u00f3kat akik r\u00e9sz\u00e9re lehet\u0151s\u00e9get adunk \u00fcgyf\u00e9lk\u00f6r\u00fck b\u0151v\u00edt\u00e9s\u00e9re, megtart\u00e1s\u00e1ra, szolg\u00e1ltat\u00e1saik fejleszt\u00e9s\u00e9re. A csatlakoz\u00e1snak meg\u00e1llapod\u00e1s szerinti \u00e9ves d\u00edja van. A r\u00e9szletek\u00e9rt k\u00e9rj\u00fck l\u00e9pjen vel\u00fcnk kapcsolatba az <a href=\"mailto:info@ewskft.hu\">info@ewskft.hu<\/a> c\u00edmen \u00e9s hamarosan felvessz\u00fck \u00d6n\u00f6kkel a kapcsolatot.<\/p><p><strong>White Label partneri lehet\u0151s\u00e9g:<br \/><\/strong>Ezt az egy\u00fcttm\u0171k\u00f6d\u00e9si form\u00e1t gy\u00e1r\u00f3k, forgalmaz\u00f3k, webshopok, keresked\u0151k \u00e9s term\u00e9szetesen szervizek r\u00e9sz\u00e9re tal\u00e1ltuk ki. Az \u00e1ltalunk biztos\u00edtott rendszerrel saj\u00e1t nev\u00fcket hozz\u00e1adva ny\u00fajthatj\u00e1k a szolg\u00e1ltat\u00e1st \u00fcgyfeleik \u00e9s partnereik r\u00e9sz\u00e9re.<\/p><p>Az egy\u00fcttm\u0171k\u00f6d\u00e9si lehet\u0151s\u00e9gr\u0151l \u00e9rdekl\u0151dj\u00f6n az <a href=\"mailto:info@ewskft.hu\">info@ewskft.hu<\/a> c\u00edmen \u00e9s hamarosan felvessz\u00fck \u00f6n\u00f6kkel a kapcsolatot.<\/p>\t\t\t\t\t\t\t\t<\/div>\n\t\t\t\t<\/div>\n\t\t\t\t\t<\/div>\n\t\t<\/div>\n\t\t\t\t\t<\/div>\n\t\t<\/section>\n\t\t\t\t<\/div>\n\t\t","protected":false},"excerpt":{"rendered":"<p>ServiceCare \/ ServiceCare klubL\u00e9trej\u00f6tte, le\u00edr\u00e1sa m\u0171k\u00f6d\u00e9si szab\u00e1lyzata \u00a0 A ServiceCare szolg\u00e1ltat\u00e1st t\u00f6bb \u00e9vtizedes szerviz tapasztalatunk alapj\u00e1n hoztuk l\u00e9tre az \u00fcgyfeleink, partnereink, megb\u00edz\u00f3ink [&hellip;]<\/p>\n","protected":false},"author":1,"featured_media":0,"parent":0,"menu_order":0,"comment_status":"closed","ping_status":"closed","template":"","meta":{"footnotes":""},"class_list":["post-32892","page","type-page","status-publish","hentry"],"_links":{"self":[{"href":"https:\/\/ewskft.hu\/index.php\/wp-json\/wp\/v2\/pages\/32892","targetHints":{"allow":["GET"]}}],"collection":[{"href":"https:\/\/ewskft.hu\/index.php\/wp-json\/wp\/v2\/pages"}],"about":[{"href":"https:\/\/ewskft.hu\/index.php\/wp-json\/wp\/v2\/types\/page"}],"author":[{"embeddable":true,"href":"https:\/\/ewskft.hu\/index.php\/wp-json\/wp\/v2\/users\/1"}],"replies":[{"embeddable":true,"href":"https:\/\/ewskft.hu\/index.php\/wp-json\/wp\/v2\/comments?post=32892"}],"version-history":[{"count":6,"href":"https:\/\/ewskft.hu\/index.php\/wp-json\/wp\/v2\/pages\/32892\/revisions"}],"predecessor-version":[{"id":32898,"href":"https:\/\/ewskft.hu\/index.php\/wp-json\/wp\/v2\/pages\/32892\/revisions\/32898"}],"wp:attachment":[{"href":"https:\/\/ewskft.hu\/index.php\/wp-json\/wp\/v2\/media?parent=32892"}],"curies":[{"name":"wp","href":"https:\/\/api.w.org\/{rel}","templated":true}]}}