{"id":32901,"date":"2026-04-03T10:03:26","date_gmt":"2026-04-03T10:03:26","guid":{"rendered":"https:\/\/ewskft.hu\/?page_id=32901"},"modified":"2026-04-10T08:33:03","modified_gmt":"2026-04-10T08:33:03","slug":"bemutatkozas","status":"publish","type":"page","link":"https:\/\/ewskft.hu\/index.php\/bemutatkozas\/","title":{"rendered":"Bemutatkoz\u00e1s"},"content":{"rendered":"\t\t<div data-elementor-type=\"wp-page\" data-elementor-id=\"32901\" class=\"elementor elementor-32901\" data-elementor-post-type=\"page\">\n\t\t\t\t\t\t<section class=\"elementor-section elementor-top-section elementor-element elementor-element-ef43137 elementor-section-boxed elementor-section-height-default elementor-section-height-default\" data-id=\"ef43137\" data-element_type=\"section\" data-e-type=\"section\">\n\t\t\t\t\t\t<div class=\"elementor-container elementor-column-gap-default\">\n\t\t\t\t\t<div class=\"elementor-column elementor-col-100 elementor-top-column elementor-element elementor-element-eacdab0\" data-id=\"eacdab0\" data-element_type=\"column\" data-e-type=\"column\">\n\t\t\t<div class=\"elementor-widget-wrap elementor-element-populated\">\n\t\t\t\t\t\t<div class=\"elementor-element elementor-element-c07e463 elementor-widget elementor-widget-text-editor\" data-id=\"c07e463\" data-element_type=\"widget\" data-e-type=\"widget\" data-widget_type=\"text-editor.default\">\n\t\t\t\t<div class=\"elementor-widget-container\">\n\t\t\t\t\t\t\t\t\t<h4><strong>C\u00e9g\u00fcnk r\u00f6vid bemutat\u00e1sa:<\/strong><\/h4><p>Az EXTENDED WARRANTY SERVICE Kft. 2008. febru\u00e1r 20.-\u00e1n alakult \u00e9s 2008. febru\u00e1r 25.-\u00e9n ker\u00fclt bejegyz\u00e9sre. A SERVICE-COOP Sz\u00f6vetkezetb\u0151l kiv\u00e1lva azzal a c\u00e9llal j\u00f6tt\u00fcnk l\u00e9tre, hogy a biztos\u00edt\u00f3 t\u00e1rsas\u00e1gok \u00e1ltal v\u00e1llalt kiterjesztett j\u00f3t\u00e1ll\u00e1st szerviz szolg\u00e1ltat\u00f3i szinten v\u00e9gezz\u00fck, n\u00e9h\u00e1ny \u00e9v eltelt\u00e9vel indukci\u00f3s \u00e9s vill\u00e1mk\u00e1rok valamint azok m\u00e1sodlagos hat\u00e1sainak szerviz szint\u0171 kezel\u00e9s\u00e9t is ell\u00e1ttuk illetve egy\u00e9b biztos\u00edt\u00e1si k\u00f6rre vonatkoz\u00f3 m\u0171szaki cikkekben keletkezett k\u00e1rok kivizsg\u00e1l\u00e1s\u00e1t, hiba meg\u00e1llap\u00edt\u00e1s\u00e1t, szakv\u00e9lem\u00e9nyez\u00e9s\u00e9t, jav\u00edt\u00e1s\u00e1t is ell\u00e1ttuk.\u00a0<\/p><p>Tev\u00e9kenys\u00e9g\u00fcnk az \u00e9vek folyam\u00e1n kib\u0151v\u00fclt a j\u00f3t\u00e1ll\u00e1si id\u0151ben \u00e9s azon t\u00fal v\u00e9gzett jav\u00edt\u00f3 szolg\u00e1ltat\u00e1sokra a fogyaszt\u00e1si- \u00e9s tart\u00f3s fogyaszt\u00e1si cikkek k\u00f6r\u00e9ben valamint a vend\u00e9gl\u00e1t\u00f3ipari g\u00e9pek vonatkoz\u00e1s\u00e1ban.<\/p><p>Saj\u00e1t magunk \u00e1ltal kialak\u00edtott \u00e9s folyamatosan fejlesztett szerviz rendszer\u00fcnk nem csak a napi ig\u00e9nyekhez hanem megb\u00edz\u00f3ink elv\u00e1r\u00e1saihoz, t\u00f6rv\u00e9nyi k\u00f6telezetts\u00e9geit teljes\u00edt\u00e9s\u00e9hez alkalmazkodik \u00e9s gyorsan reag\u00e1l. A rendszerfejleszt\u00e9sen t\u00fal szolg\u00e1ltat\u00e1saink k\u00f6r\u00e9t is igyeksz\u00fcnk b\u0151v\u00edteni.<\/p><p>Koll\u00e9g\u00e1ink a tud\u00e1sukat minden ter\u00fcleten folyamatosan b\u0151v\u00edtik. Rendszer\u00fcnk alkalmas a kinyomtatott pap\u00edr mentesen kezelni a folyamatainkat.\u00a0<\/p><p>Nincs olyan k\u00e9sz\u00fcl\u00e9k fajta melynek a bevizsg\u00e1l\u00e1s\u00e1t, jav\u00edt\u00e1s\u00e1t ne tudn\u00e1nk elv\u00e9gezni.<\/p><p>A jav\u00edt\u00e1sokon t\u00fal alkatr\u00e9sz \u00e9rt\u00e9kes\u00edt\u00e9ssel, kiszolg\u00e1l\u00e1ssal, logisztikai szolg\u00e1ltat\u00e1ssal, vid\u00e9ken alv\u00e1llalkoz\u00f3k bevon\u00e1s\u00e1val, kedvezm\u00e9ny programokkal, vissz\u00e1ru kezel\u00e9ssel \u00e1llunk \u00fcgyfeleink \u00e9s megb\u00edz\u00f3ink rendelkez\u00e9s\u00e9re.<\/p><p>Megb\u00edz\u00f3ink k\u00f6z\u00f6tt vannak egy\u00e9ni \u00fcgyfelek, gy\u00e1rt\u00f3k, biztos\u00edt\u00f3 t\u00e1rsas\u00e1gok, import\u0151r\u00f6k, \u00e1ruh\u00e1z l\u00e1ncok.<\/p><p>Megb\u00edz\u00f3ink r\u00e9sz\u00e9re \u00e9s k\u00e9r\u00e9s\u00e9re v\u00e1llaljuk a forgalomba hozni k\u00edv\u00e1nt k\u00e9sz\u00fcl\u00e9kek szerviz szempontb\u00f3l t\u00f6rt\u00e9n\u0151 v\u00e9lem\u00e9nyez\u00e9s\u00e9t, \u00a0haszn\u00e1lati \u00fatmutat\u00f3 ford\u00edt\u00e1s\u00e1t, sokszoros\u00edt\u00e1s\u00e1t, j\u00f3t\u00e1ll\u00e1si jegy k\u00e9sz\u00edt\u00e9st, forgalomba hozatali c\u00edmke k\u00e9sz\u00edt\u00e9st.<\/p><p>A RAMOVILL \u00e9s a SERVICE-COOP (nevet \u00e9s c\u00e9get megtartva) t\u00f6bb \u00e9vtizedes &#8211; 54 + \u00e9ves &#8211;\u00a0 a jav\u00edt\u00f3 szolg\u00e1ltat\u00e1sban szerzett tapasztalatait \u00e9s tud\u00e1s\u00e1t felhaszn\u00e1lva \u00e9s a mindenkori ig\u00e9nyeknek megfelel\u0151en tov\u00e1bb fejlesztve folyamatosan v\u00e9gezz\u00fck tev\u00e9kenys\u00e9g\u00fcnket az \u00d6n\u00f6k szolg\u00e1lat\u00e1ban.<\/p><p>Szlogenjeink:<\/p><p>\u201cMinden olyan k\u00e9sz\u00fcl\u00e9ket jav\u00edtunk ami a h\u00e1zon bel\u00fcl \u00e9s a h\u00e1z k\u00f6r\u00fcl megtal\u00e1lhat\u00f3, k\u00e9sz\u00fcl\u00e9k m\u00e1rk\u00e1t\u00f3l \u00e9s fajt\u00e1t\u00f3l f\u00fcggetlen\u00fcl\u201d<br \/>\u201cSzervizt munk\u00e1val fenyegetni nem lehet\u201d<br \/>\u201cJav\u00edtunk \u00e9s szolg\u00e1ltatunk\u201d<br \/>\u201cA hat\u00f3s\u00e1g k\u00e9sz\u00fcl\u00e9ket m\u00e9g nem jav\u00edtott meg, alkatr\u00e9szt m\u00e9g nem szerzett be, szerviz\u00fcnknek m\u00e1r siker\u00fclt\u201d<\/p><p><em><strong>K\u00f6sz\u00f6n\u00f6m, hogy ell\u00e1togatott a weblapunkra \u00e9s \u00e9rdekl\u0151dik c\u00e9g\u00fcnk tev\u00e9kenys\u00e9gei ir\u00e1nt amennyiben szeretne vel\u00fcnk kapcsolatba l\u00e9pni vagy esetleg k\u00e9rd\u00e9se \u00e9szrev\u00e9tele van k\u00e9rem tegye meg itt: <a href=\"mailto:info@ewskft.hu\">info@ewskft.hu<\/a> , b\u00edzom benne, hogy hamarosan \u00fcgyfeleink, partnereink k\u00f6z\u00f6tt \u00fcdv\u00f6z\u00f6lhetj\u00fck.\u00a0<\/strong><\/em><\/p><p><strong><em>Tisztelettel:<\/em><\/strong><br \/><strong><em>Nov\u00e1kovics Ferenc<br \/><\/em><\/strong><em>\u00fcgyvezet\u0151<\/em>\u00a0<\/p>\t\t\t\t\t\t\t\t<\/div>\n\t\t\t\t<\/div>\n\t\t\t\t\t<\/div>\n\t\t<\/div>\n\t\t\t\t\t<\/div>\n\t\t<\/section>\n\t\t\t\t<\/div>\n\t\t","protected":false},"excerpt":{"rendered":"<p>C\u00e9g\u00fcnk r\u00f6vid bemutat\u00e1sa: Az EXTENDED WARRANTY SERVICE Kft. 2008. febru\u00e1r 20.-\u00e1n alakult \u00e9s 2008. febru\u00e1r 25.-\u00e9n ker\u00fclt bejegyz\u00e9sre. A SERVICE-COOP Sz\u00f6vetkezetb\u0151l kiv\u00e1lva [&hellip;]<\/p>\n","protected":false},"author":1,"featured_media":0,"parent":0,"menu_order":0,"comment_status":"closed","ping_status":"closed","template":"","meta":{"footnotes":""},"class_list":["post-32901","page","type-page","status-publish","hentry"],"_links":{"self":[{"href":"https:\/\/ewskft.hu\/index.php\/wp-json\/wp\/v2\/pages\/32901","targetHints":{"allow":["GET"]}}],"collection":[{"href":"https:\/\/ewskft.hu\/index.php\/wp-json\/wp\/v2\/pages"}],"about":[{"href":"https:\/\/ewskft.hu\/index.php\/wp-json\/wp\/v2\/types\/page"}],"author":[{"embeddable":true,"href":"https:\/\/ewskft.hu\/index.php\/wp-json\/wp\/v2\/users\/1"}],"replies":[{"embeddable":true,"href":"https:\/\/ewskft.hu\/index.php\/wp-json\/wp\/v2\/comments?post=32901"}],"version-history":[{"count":15,"href":"https:\/\/ewskft.hu\/index.php\/wp-json\/wp\/v2\/pages\/32901\/revisions"}],"predecessor-version":[{"id":32978,"href":"https:\/\/ewskft.hu\/index.php\/wp-json\/wp\/v2\/pages\/32901\/revisions\/32978"}],"wp:attachment":[{"href":"https:\/\/ewskft.hu\/index.php\/wp-json\/wp\/v2\/media?parent=32901"}],"curies":[{"name":"wp","href":"https:\/\/api.w.org\/{rel}","templated":true}]}}